{"id":31,"date":"2024-05-09T14:06:29","date_gmt":"2024-05-09T14:06:29","guid":{"rendered":"https:\/\/ravhdesign.kodektif.com\/?page_id=31"},"modified":"2024-05-14T08:28:55","modified_gmt":"2024-05-14T08:28:55","slug":"company","status":"publish","type":"page","link":"https:\/\/ravhdesign.com\/tr\/sirket\/","title":{"rendered":"\u015eirket"},"content":{"rendered":"<div class=\"wpb-content-wrapper\"><div id=\"text-row\" data-vc-full-width=\"true\" data-vc-full-width-init=\"false\" data-vc-stretch-content=\"true\" class=\"vc_row wpb_row vc_row-fluid vc_row-no-padding wd-rs-6643041aaabc7 wd-section-stretch-content-no-pd\"><div class=\"wpb_column vc_column_container vc_col-sm-3\"><div class=\"vc_column-inner\"><div class=\"wpb_wrapper\">\n\t<div class=\"wpb_text_column wpb_content_element\" >\n\t\t<div class=\"wpb_wrapper\">\n\t\t\t<h2>Gelece\u011fin En Cesur Gelece\u011fi<\/h2>\n\n\t\t<\/div>\n\t<\/div>\n<\/div><\/div><\/div><div class=\"wpb_column vc_column_container vc_col-sm-9\"><div class=\"vc_column-inner\"><div class=\"wpb_wrapper\">\n\t<div class=\"wpb_text_column wpb_content_element\" >\n\t\t<div class=\"wpb_wrapper\">\n\t\t\t<p>Firmam\u0131z b\u00fcnyesinde benimsedi\u011fimiz t\u00fcm ilkeleri her \u00fcr\u00fcn\u00fcm\u00fcze yans\u0131tmay\u0131 hedefleyen bir firma olarak sekt\u00f6re ilk ad\u0131m\u0131m\u0131z\u0131 2014 y\u0131l\u0131nda att\u0131k. Marka bilinirli\u011finin uzun y\u0131llara e\u015flik eden bir deneyimde sakl\u0131 oldu\u011funun bilinciyle \u00fcretim yapt\u0131k. Halen s\u00fcrd\u00fcrmekte oldu\u011fumuz bu \u00fcretim anlay\u0131\u015f\u0131na bir\u00e7ok farkl\u0131 bile\u015fenle katk\u0131da bulunduk. G\u00f6rsel \u00e7ekicili\u011fi olan m\u00fclkler i\u00e7in en iyi karar olan Ravh, \u015f\u0131k, konforlu ve sade \u00fcretim ama\u00e7l\u0131 tamamlay\u0131c\u0131larla tercih edilebilirlik alan\u0131n\u0131 geni\u015fletmeye devam ediyor. .<\/p>\n\n\t\t<\/div>\n\t<\/div>\n<\/div><\/div><\/div><\/div><div class=\"vc_row-full-width vc_clearfix\"><\/div><div id=\"image-row\" class=\"vc_row wpb_row vc_row-fluid wd-rs-66431d82a7432\"><div class=\"wpb_column vc_column_container vc_col-sm-12\"><div class=\"vc_column-inner\"><div class=\"wpb_wrapper\">\t\t<div id=\"gallery_974\" class=\"wd-images-gallery wd-wpb wd-rs-66431cfb2a945 photoswipe-images wd-carousel-container wd-wpb\" style=\"--wd-justify-content:center;--wd-align-items:center;\">\n\t\t\t\t\t\t\t<div class=\"wd-carousel-inner\">\n\t\t\t\n\t\t\t<div class=\"wd-carousel wd-grid\"data-scroll_per_page=\"yes\" style=\"--wd-col-lg:2;--wd-col-md:2;--wd-col-sm:1;--wd-gap-lg:10px;\">\n\t\t\t\t\t\t\t\t\t<div class=\"wd-carousel-wrap\">\n\t\t\t\t\n\t\t\t\t\t\t\t\t\t\t\t\t\t\t\t<div class=\"wd-gallery-item wd-carousel-item\">\n\t\t\t\t\t\t\t\t\t\t\t\t\t\t<a href=\"https:\/\/ravhdesign.com\/wp-content\/uploads\/2024\/05\/ravh-desgin-company-images-3.jpg\" data-elementor-open-lightbox=\"no\" data-index=\"1\" data-width=\"512\" data-height=\"512\" \n\t\t\t\t\t\t\t\t\t\t\t\t >\n\t\t\t\t\t\t\t\t\n\t\t\t\t\t\t\t\t<img decoding=\"async\" width=\"512\" height=\"512\" src=\"https:\/\/ravhdesign.com\/wp-content\/uploads\/2024\/05\/ravh-desgin-company-images-3.jpg\" class=\"wd-gallery-image image-1\" alt=\"\" srcset=\"https:\/\/ravhdesign.com\/wp-content\/uploads\/2024\/05\/ravh-desgin-company-images-3.jpg 512w, https:\/\/ravhdesign.com\/wp-content\/uploads\/2024\/05\/ravh-desgin-company-images-3-300x300.jpg 300w, https:\/\/ravhdesign.com\/wp-content\/uploads\/2024\/05\/ravh-desgin-company-images-3-150x150.jpg 150w\" sizes=\"(max-width: 512px) 100vw, 512px\" \/>\n\t\t\t\t\t\t\t\t\t\t\t\t\t\t\t<\/a>\n\t\t\t\t\t\t\t\t\t\t\t\t<\/div>\n\t\t\t\t\t\t\t\t\t\t\t<div class=\"wd-gallery-item wd-carousel-item\">\n\t\t\t\t\t\t\t\t\t\t\t\t\t\t<a href=\"https:\/\/ravhdesign.com\/wp-content\/uploads\/2024\/05\/ravh-desgin-company-images-4.jpg\" data-elementor-open-lightbox=\"no\" data-index=\"2\" data-width=\"512\" data-height=\"512\" \n\t\t\t\t\t\t\t\t\t\t\t\t >\n\t\t\t\t\t\t\t\t\n\t\t\t\t\t\t\t\t<img decoding=\"async\" width=\"512\" height=\"512\" src=\"https:\/\/ravhdesign.com\/wp-content\/uploads\/2024\/05\/ravh-desgin-company-images-4.jpg\" class=\"wd-gallery-image image-2\" alt=\"\" srcset=\"https:\/\/ravhdesign.com\/wp-content\/uploads\/2024\/05\/ravh-desgin-company-images-4.jpg 512w, https:\/\/ravhdesign.com\/wp-content\/uploads\/2024\/05\/ravh-desgin-company-images-4-300x300.jpg 300w, https:\/\/ravhdesign.com\/wp-content\/uploads\/2024\/05\/ravh-desgin-company-images-4-150x150.jpg 150w\" sizes=\"(max-width: 512px) 100vw, 512px\" \/>\n\t\t\t\t\t\t\t\t\t\t\t\t\t\t\t<\/a>\n\t\t\t\t\t\t\t\t\t\t\t\t<\/div>\n\t\t\t\t\t\t\t\t\t\n\t\t\t\t\t\t\t\t\t<\/div>\n\t\t\t\t\t\t\t<\/div>\n\n\t\t\t\t\t\t\t\n\t\t\t\t<\/div>\n\n\t\t\t\t\t\t\t\t\t\t\t\t\t<\/div>\n\t\t<\/div><\/div><\/div><\/div><div id=\"text-row\" data-vc-full-width=\"true\" data-vc-full-width-init=\"false\" data-vc-stretch-content=\"true\" class=\"vc_row wpb_row vc_row-fluid vc_row-no-padding wd-rs-6643057751d18 wd-section-stretch-content-no-pd\"><div class=\"wpb_column vc_column_container vc_col-sm-3\"><div class=\"vc_column-inner\"><div class=\"wpb_wrapper\">\n\t<div class=\"wpb_text_column wpb_content_element\" >\n\t\t<div class=\"wpb_wrapper\">\n\t\t\t<h2>Marka Hikayesi<\/h2>\n\n\t\t<\/div>\n\t<\/div>\n<\/div><\/div><\/div><div class=\"wpb_column vc_column_container vc_col-sm-9\"><div class=\"vc_column-inner\"><div class=\"wpb_wrapper\">\n\t<div class=\"wpb_text_column wpb_content_element\" >\n\t\t<div class=\"wpb_wrapper\">\n\t\t\t<p>Tek bir ad\u0131mla ba\u015flayan binlerce ad\u0131ml\u0131k yolculu\u011fun bilinciyle topra\u011fa tohum ektik. B\u00fcy\u00fcmesini izlerken dallar\u0131na, \u00e7i\u00e7eklerine, k\u00f6klerine \u015fahit olduk. Bir zamanlar tohum olan Ravh Mobilya, bug\u00fcn bizi besleyen bir a\u011fa\u00e7 olarak Ravh Mobilya'y\u0131 getirdi. 2014 y\u0131l\u0131nda Ravh ile yolumuza sa\u011flam ad\u0131mlarla ba\u015flad\u0131k. \u015eirketimiz b\u00fcnyesinde benimsedi\u011fimiz \u201c\u0130\u015fini bilmek ve iyi yapmak\u201d mottosuyla kendimizden \u00e7ok konforumuzu abartmak istedik. Hayalimizi sizlerin takdiri \u00fczerine kurduk. Firmam\u0131z\u0131n bize verdi\u011fi g\u00fcc\u00fc, kaliteyi art\u0131rmak i\u00e7in katlanarak kulland\u0131k. Zaman ve mekan s\u0131n\u0131rlamalar\u0131n\u0131 ortadan kald\u0131rmak, direnmek ve uzun y\u0131llara tan\u0131kl\u0131k etmek i\u00e7in kurdu\u011fumuz markam\u0131z, T\u00fcrkiye ve Global pazarda sayg\u0131n bir konuma sahiptir. 3000 m2 kapal\u0131 tesisimiz, ad\u0131m\u0131z\u0131 T\u00fcrkiye'nin 50 farkl\u0131 noktas\u0131na ula\u015ft\u0131rmaktad\u0131r.<\/p>\n<p>Bu vak\u0131fta hayata dair \u00f6zg\u00fcr d\u00fc\u015f\u00fcnce bi\u00e7imini yans\u0131tan Ravh, ad\u0131n\u0131 eski T\u00fcrk\u00e7e bir kelimeden al\u0131yor. \u201cRahatl\u0131k ve esenlik\u201d anlam\u0131na gelen bu s\u00f6zc\u00fc\u011f\u00fc ya\u015fam alan\u0131na d\u00f6n\u00fc\u015ft\u00fcrmekle sorumluyuz. Bu sorumluluk yerini hakl\u0131 bir gurura b\u0131rak\u0131rken, ad\u0131m\u0131z\u0131 ald\u0131\u011f\u0131m\u0131z her m\u00fclk\u00fcn ger\u00e7ek sahibi olmay\u0131 ya\u015f\u0131yoruz. Biz \u201cD\u00fcnyan\u0131n Devi\u201d de\u011fil, \u201cD\u00fcnyan\u0131n Evi\u201d olmay\u0131 hayal ettik ve hayal ettik.<\/p>\n\n\t\t<\/div>\n\t<\/div>\n<\/div><\/div><\/div><\/div><div class=\"vc_row-full-width vc_clearfix\"><\/div><div id=\"video-row\" class=\"vc_row wpb_row vc_row-fluid wd-rs-66431a1b5fc4c\"><div class=\"wpb_column vc_column_container vc_col-sm-12\"><div class=\"vc_column-inner\"><div class=\"wpb_wrapper\">\t\t<div class=\"wd-el-video wd-wpb wd-rs-66431ebe44c8b wd-action-overlay wd-video-vimeo wd-with-aspect-ratio\">\n\t\t\t\t\t\t\t<iframe data-lazy-load=\"https:\/\/player.vimeo.com\/video\/806830941?transparent=0&loop=0&controls=1&color=83b735&muted=1\" allowfullscreen allow=\"accelerometer; autoplay; encrypted-media; gyroscope; picture-in-picture\" width=\"100%\" height=\"100%\" loading=\"lazy\"><\/iframe>\t\t\t\n\t\t\t\n\t\t\t\n\t\t\t\t\t\t\t<div class=\"wd-el-video-overlay wd-fill\">\n\t\t\t\t\t<img decoding=\"async\" width=\"1900\" height=\"1065\" src=\"https:\/\/ravhdesign.com\/wp-content\/uploads\/2024\/05\/ravh-video-thumb-1.jpg\" class=\"attachment-full size-full\" alt=\"\" \/>\t\t\t\t<\/div>\n\t\t\t\t<div class=\"wd-el-video-control color-scheme-light wd-fill\">\n\t\t\t\t\t<span class=\"wd-el-video-play-btn\"><\/span>\n\t\t\t\t\t\t\t\t\t<\/div>\n\n\t\t\t\t<a class=\"wd-el-video-link wd-el-video-btn-overlay wd-fill\" href=\"http:\/\/vimeo.com\/806830941\"><\/a>\n\t\t\t\t\t<\/div>\n\t\t<\/div><\/div><\/div><\/div><div id=\"text-row\" data-vc-full-width=\"true\" data-vc-full-width-init=\"false\" data-vc-stretch-content=\"true\" class=\"vc_row wpb_row vc_row-fluid vc_row-no-padding wd-rs-6643057fdefa1 wd-section-stretch-content-no-pd\"><div class=\"wpb_column vc_column_container vc_col-sm-3\"><div class=\"vc_column-inner\"><div class=\"wpb_wrapper\">\n\t<div class=\"wpb_text_column wpb_content_element\" >\n\t\t<div class=\"wpb_wrapper\">\n\t\t\t<h2>Misyon<\/h2>\n\n\t\t<\/div>\n\t<\/div>\n<\/div><\/div><\/div><div class=\"wpb_column vc_column_container vc_col-sm-9\"><div class=\"vc_column-inner\"><div class=\"wpb_wrapper\">\n\t<div class=\"wpb_text_column wpb_content_element\" >\n\t\t<div class=\"wpb_wrapper\">\n\t\t\t<p>Duyular\u0131m\u0131z m\u00fckemmeli arar ve biz m\u00fckemmele hayranl\u0131k duyar\u0131z. Ravh, sa\u011flam, estetik, saf ve kar\u015f\u0131 konulmaz konfor sunan bir mobilya firmas\u0131 olarak ad\u0131n\u0131 tarihe yazd\u0131rmak i\u00e7in \u00e7al\u0131\u015fmalar\u0131na devam ediyor. Bu nihai hedefle T\u00fcrkiye'de yaratt\u0131\u011f\u0131m\u0131z memnuniyet ve g\u00fczellik etkisini t\u00fcm d\u00fcnyaya sunmay\u0131 hedefliyoruz. Beklentilerinizi kar\u015f\u0131lamak bizi prestijli bir marka haline getirdi. Art\u0131k daha fazlas\u0131 i\u00e7in hem beklentinin hem de d\u00fcnyan\u0131n s\u0131n\u0131rlar\u0131n\u0131 a\u015fmay\u0131 hedefliyoruz. Farkl\u0131 \u00fclkelerdeki bayilerimizle ba\u015fka dillerin konu\u015fuldu\u011fu co\u011frafyalarda da faaliyet g\u00f6stermek istiyoruz. Bunu yaparken de Ravh'\u0131 bug\u00fcnk\u00fc konumuna getiren her fakt\u00f6r\u00fcn optimum da\u011f\u0131l\u0131m\u0131n\u0131 s\u00fcrd\u00fcr\u00fclebilir hale getirmeyi hayal ediyoruz. Bug\u00fcn sosyal ve sosyal faaliyetlerimizle t\u00fcm d\u00fcnyada anlat\u0131lmaz bir etki yaratmak i\u00e7in \u00e7al\u0131\u015fmaya devam ediyoruz.<br \/>\neffective structure.<\/p>\n\n\t\t<\/div>\n\t<\/div>\n<\/div><\/div><\/div><\/div><div class=\"vc_row-full-width vc_clearfix\"><\/div><div id=\"image-row\" class=\"vc_row wpb_row vc_row-fluid wd-rs-66431d8d2c9cb\"><div class=\"wpb_column vc_column_container vc_col-sm-12\"><div class=\"vc_column-inner\"><div class=\"wpb_wrapper\">\t\t<div id=\"gallery_764\" class=\"wd-images-gallery wd-wpb wd-rs-66431d0cda419 photoswipe-images wd-carousel-container wd-wpb\" style=\"--wd-justify-content:center;--wd-align-items:center;\">\n\t\t\t\t\t\t\t<div class=\"wd-carousel-inner\">\n\t\t\t\n\t\t\t<div class=\"wd-carousel wd-grid\"data-scroll_per_page=\"yes\" style=\"--wd-col-lg:2;--wd-col-md:2;--wd-col-sm:1;--wd-gap-lg:10px;\">\n\t\t\t\t\t\t\t\t\t<div class=\"wd-carousel-wrap\">\n\t\t\t\t\n\t\t\t\t\t\t\t\t\t\t\t\t\t\t\t<div class=\"wd-gallery-item wd-carousel-item\">\n\t\t\t\t\t\t\t\t\t\t\t\t\t\t<a href=\"https:\/\/ravhdesign.com\/wp-content\/uploads\/2024\/05\/ravh-desgin-company-images-1.jpg\" data-elementor-open-lightbox=\"no\" data-index=\"1\" data-width=\"512\" data-height=\"512\" \n\t\t\t\t\t\t\t\t\t\t\t\t >\n\t\t\t\t\t\t\t\t\n\t\t\t\t\t\t\t\t<img decoding=\"async\" width=\"512\" height=\"512\" src=\"https:\/\/ravhdesign.com\/wp-content\/uploads\/2024\/05\/ravh-desgin-company-images-1.jpg\" class=\"wd-gallery-image image-1\" alt=\"\" srcset=\"https:\/\/ravhdesign.com\/wp-content\/uploads\/2024\/05\/ravh-desgin-company-images-1.jpg 512w, https:\/\/ravhdesign.com\/wp-content\/uploads\/2024\/05\/ravh-desgin-company-images-1-300x300.jpg 300w, https:\/\/ravhdesign.com\/wp-content\/uploads\/2024\/05\/ravh-desgin-company-images-1-150x150.jpg 150w\" sizes=\"(max-width: 512px) 100vw, 512px\" \/>\n\t\t\t\t\t\t\t\t\t\t\t\t\t\t\t<\/a>\n\t\t\t\t\t\t\t\t\t\t\t\t<\/div>\n\t\t\t\t\t\t\t\t\t\t\t<div class=\"wd-gallery-item wd-carousel-item\">\n\t\t\t\t\t\t\t\t\t\t\t\t\t\t<a href=\"https:\/\/ravhdesign.com\/wp-content\/uploads\/2024\/05\/ravh-desgin-company-images-2.jpg\" data-elementor-open-lightbox=\"no\" data-index=\"2\" data-width=\"512\" data-height=\"512\" \n\t\t\t\t\t\t\t\t\t\t\t\t >\n\t\t\t\t\t\t\t\t\n\t\t\t\t\t\t\t\t<img decoding=\"async\" width=\"512\" height=\"512\" src=\"https:\/\/ravhdesign.com\/wp-content\/uploads\/2024\/05\/ravh-desgin-company-images-2.jpg\" class=\"wd-gallery-image image-2\" alt=\"\" srcset=\"https:\/\/ravhdesign.com\/wp-content\/uploads\/2024\/05\/ravh-desgin-company-images-2.jpg 512w, https:\/\/ravhdesign.com\/wp-content\/uploads\/2024\/05\/ravh-desgin-company-images-2-300x300.jpg 300w, https:\/\/ravhdesign.com\/wp-content\/uploads\/2024\/05\/ravh-desgin-company-images-2-150x150.jpg 150w\" sizes=\"(max-width: 512px) 100vw, 512px\" \/>\n\t\t\t\t\t\t\t\t\t\t\t\t\t\t\t<\/a>\n\t\t\t\t\t\t\t\t\t\t\t\t<\/div>\n\t\t\t\t\t\t\t\t\t\n\t\t\t\t\t\t\t\t\t<\/div>\n\t\t\t\t\t\t\t<\/div>\n\n\t\t\t\t\t\t\t\n\t\t\t\t<\/div>\n\n\t\t\t\t\t\t\t\t\t\t\t\t\t<\/div>\n\t\t<\/div><\/div><\/div><\/div><div id=\"text-row\" data-vc-full-width=\"true\" data-vc-full-width-init=\"false\" data-vc-stretch-content=\"true\" class=\"vc_row wpb_row vc_row-fluid vc_row-no-padding wd-rs-664305872515a wd-section-stretch-content-no-pd\"><div class=\"wpb_column vc_column_container vc_col-sm-3\"><div class=\"vc_column-inner\"><div class=\"wpb_wrapper\">\n\t<div class=\"wpb_text_column wpb_content_element\" >\n\t\t<div class=\"wpb_wrapper\">\n\t\t\t<h2>Vizyon<\/h2>\n\n\t\t<\/div>\n\t<\/div>\n<\/div><\/div><\/div><div class=\"wpb_column vc_column_container vc_col-sm-9\"><div class=\"vc_column-inner\"><div class=\"wpb_wrapper\">\n\t<div class=\"wpb_text_column wpb_content_element\" >\n\t\t<div class=\"wpb_wrapper\">\n\t\t\t<p>Ravh Mobilya i\u00e7erik b\u00fct\u00fcnl\u00fc\u011f\u00fcd\u00fcr. Tasar\u0131mla ba\u015flayan bu b\u00fct\u00fcnl\u00fck, \u00fcretimi etkilemekte ve d\u00fcnyan\u0131n farkl\u0131 yerlerinde yer alan m\u00fclklere girerken konforu da ta\u015f\u0131maktad\u0131r. Ravh'\u0131n saf etkisine sadece mobilyada de\u011fil, konfor gerektiren her alanda \u015fahit olabilirsiniz. \u00d6ncelikle uzmanl\u0131k alan\u0131m\u0131z olan \u00f6zellikle kanepelerde benzersiz bir kalite sunmay\u0131, ard\u0131ndan mobilya alan\u0131nda da ayn\u0131 segmenti yakalamay\u0131 hayal ediyoruz. Tasar\u0131m yelpazemize \u00e7ok kapsaml\u0131 bak\u0131\u015f a\u00e7\u0131m\u0131z\u0131 da ekledi\u011fimizde kullan\u0131c\u0131lar\u0131m\u0131zla benzersiz bir deneyimi bulu\u015fturuyoruz. Huzurunda \u00f6vg\u00fc dolu bir g\u00fczelli\u011fe sahip olan Ravh, her eve tercih edilen, samimi ve asil bir misafir olacakt\u0131r. Ravh olarak amac\u0131m\u0131z misafir olarak girdi\u011fimiz m\u00fclklerin ev sahibi olmakt\u0131r.<\/p>\n\n\t\t<\/div>\n\t<\/div>\n<\/div><\/div><\/div><\/div><div class=\"vc_row-full-width vc_clearfix\"><\/div>\n<\/div>","protected":false},"excerpt":{"rendered":"The Boldest Future Of The Future In 2014, we took our first step in the sector as a company that","protected":false},"author":1,"featured_media":0,"parent":0,"menu_order":0,"comment_status":"closed","ping_status":"closed","template":"","meta":{"footnotes":""},"yoast_head":"<!-- This site is optimized with the Yoast SEO plugin v23.0 - https:\/\/yoast.com\/wordpress\/plugins\/seo\/ -->\n<title>Company - RavhDesign<\/title>\n<meta name=\"robots\" content=\"index, follow, max-snippet:-1, max-image-preview:large, max-video-preview:-1\" \/>\n<link rel=\"canonical\" href=\"https:\/\/ravhdesign.com\/tr\/sirket\/\" \/>\n<meta property=\"og:locale\" content=\"tr_TR\" \/>\n<meta property=\"og:type\" content=\"article\" \/>\n<meta property=\"og:title\" content=\"Company - RavhDesign\" \/>\n<meta property=\"og:url\" content=\"https:\/\/ravhdesign.com\/tr\/sirket\/\" \/>\n<meta property=\"og:site_name\" content=\"RavhDesign\" \/>\n<meta property=\"article:modified_time\" content=\"2024-05-14T08:28:55+00:00\" \/>\n<meta name=\"twitter:card\" content=\"summary_large_image\" \/>\n<meta name=\"twitter:label1\" content=\"Tahmini okuma s\u00fcresi\" \/>\n\t<meta name=\"twitter:data1\" content=\"8 dakika\" \/>\n<script type=\"application\/ld+json\" class=\"yoast-schema-graph\">{\"@context\":\"https:\/\/schema.org\",\"@graph\":[{\"@type\":\"WebPage\",\"@id\":\"https:\/\/ravhdesign.com\/company\/\",\"url\":\"https:\/\/ravhdesign.com\/company\/\",\"name\":\"Company - RavhDesign\",\"isPartOf\":{\"@id\":\"https:\/\/ravhdesign.com\/tr\/#website\"},\"datePublished\":\"2024-05-09T14:06:29+00:00\",\"dateModified\":\"2024-05-14T08:28:55+00:00\",\"breadcrumb\":{\"@id\":\"https:\/\/ravhdesign.com\/company\/#breadcrumb\"},\"inLanguage\":\"tr\",\"potentialAction\":[{\"@type\":\"ReadAction\",\"target\":[\"https:\/\/ravhdesign.com\/company\/\"]}]},{\"@type\":\"BreadcrumbList\",\"@id\":\"https:\/\/ravhdesign.com\/company\/#breadcrumb\",\"itemListElement\":[{\"@type\":\"ListItem\",\"position\":1,\"name\":\"Home\",\"item\":\"https:\/\/ravhdesign.com\/tr\/\"},{\"@type\":\"ListItem\",\"position\":2,\"name\":\"Company\"}]},{\"@type\":\"WebSite\",\"@id\":\"https:\/\/ravhdesign.com\/tr\/#website\",\"url\":\"https:\/\/ravhdesign.com\/tr\/\",\"name\":\"RavhDesign\",\"description\":\"\",\"potentialAction\":[{\"@type\":\"SearchAction\",\"target\":{\"@type\":\"EntryPoint\",\"urlTemplate\":\"https:\/\/ravhdesign.com\/tr\/?s={search_term_string}\"},\"query-input\":\"required name=search_term_string\"}],\"inLanguage\":\"tr\"}]}<\/script>\n<!-- \/ Yoast SEO plugin. -->","yoast_head_json":{"title":"Company - RavhDesign","robots":{"index":"index","follow":"follow","max-snippet":"max-snippet:-1","max-image-preview":"max-image-preview:large","max-video-preview":"max-video-preview:-1"},"canonical":"https:\/\/ravhdesign.com\/tr\/sirket\/","og_locale":"tr_TR","og_type":"article","og_title":"Company - RavhDesign","og_url":"https:\/\/ravhdesign.com\/tr\/sirket\/","og_site_name":"RavhDesign","article_modified_time":"2024-05-14T08:28:55+00:00","twitter_card":"summary_large_image","twitter_misc":{"Tahmini okuma s\u00fcresi":"8 dakika"},"schema":{"@context":"https:\/\/schema.org","@graph":[{"@type":"WebPage","@id":"https:\/\/ravhdesign.com\/company\/","url":"https:\/\/ravhdesign.com\/company\/","name":"Company - RavhDesign","isPartOf":{"@id":"https:\/\/ravhdesign.com\/tr\/#website"},"datePublished":"2024-05-09T14:06:29+00:00","dateModified":"2024-05-14T08:28:55+00:00","breadcrumb":{"@id":"https:\/\/ravhdesign.com\/company\/#breadcrumb"},"inLanguage":"tr","potentialAction":[{"@type":"ReadAction","target":["https:\/\/ravhdesign.com\/company\/"]}]},{"@type":"BreadcrumbList","@id":"https:\/\/ravhdesign.com\/company\/#breadcrumb","itemListElement":[{"@type":"ListItem","position":1,"name":"Home","item":"https:\/\/ravhdesign.com\/tr\/"},{"@type":"ListItem","position":2,"name":"Company"}]},{"@type":"WebSite","@id":"https:\/\/ravhdesign.com\/tr\/#website","url":"https:\/\/ravhdesign.com\/tr\/","name":"RavhDesign","description":"","potentialAction":[{"@type":"SearchAction","target":{"@type":"EntryPoint","urlTemplate":"https:\/\/ravhdesign.com\/tr\/?s={search_term_string}"},"query-input":"required name=search_term_string"}],"inLanguage":"tr"}]}},"_links":{"self":[{"href":"https:\/\/ravhdesign.com\/tr\/wp-json\/wp\/v2\/pages\/31"}],"collection":[{"href":"https:\/\/ravhdesign.com\/tr\/wp-json\/wp\/v2\/pages"}],"about":[{"href":"https:\/\/ravhdesign.com\/tr\/wp-json\/wp\/v2\/types\/page"}],"author":[{"embeddable":true,"href":"https:\/\/ravhdesign.com\/tr\/wp-json\/wp\/v2\/users\/1"}],"replies":[{"embeddable":true,"href":"https:\/\/ravhdesign.com\/tr\/wp-json\/wp\/v2\/comments?post=31"}],"version-history":[{"count":0,"href":"https:\/\/ravhdesign.com\/tr\/wp-json\/wp\/v2\/pages\/31\/revisions"}],"wp:attachment":[{"href":"https:\/\/ravhdesign.com\/tr\/wp-json\/wp\/v2\/media?parent=31"}],"curies":[{"name":"wp","href":"https:\/\/api.w.org\/{rel}","templated":true}]}}