{"id":379,"date":"2024-05-21T08:43:13","date_gmt":"2024-05-21T08:43:13","guid":{"rendered":"https:\/\/ravhdesign.kodektif.com\/?page_id=379"},"modified":"2024-05-21T08:43:13","modified_gmt":"2024-05-21T08:43:13","slug":"contact","status":"publish","type":"page","link":"https:\/\/ravhdesign.com\/tr\/iletisim\/","title":{"rendered":"\u0130leti\u015fim"},"content":{"rendered":"<div class=\"wpb-content-wrapper\"><div id=\"information-row\" class=\"vc_row wpb_row vc_row-fluid vc_row-o-content-middle vc_row-flex\"><div class=\"wpb_column vc_column_container vc_col-sm-4\"><div class=\"vc_column-inner\"><div class=\"wpb_wrapper\">\n\t<div class=\"wpb_text_column wpb_content_element\" >\n\t\t<div class=\"wpb_wrapper\">\n\t\t\t<div class=\"firm-info-container\">\n<h4>Modoko Ma\u011faza<\/h4>\n<div class=\"container-row\">\n<div class=\"container-text-content\">\n<h5>Adres<\/h5>\n<p><a href=\"https:\/\/goo.gl\/maps\/von5tACWMrTkjxu9A\">Yukar\u0131 Dudullu, 4. Sk. No:118, 34775 Dudullu Osb\/\u00dcmraniye\/\u0130stanbul<\/a><\/p>\n<\/div>\n<div class=\"container-text-content\">\n<h5>Telefon<\/h5>\n<p><a href=\"tel:+902162250870\">+09 216 225 08 70<\/a><\/p>\n<\/div>\n<div class=\"container-text-content\">\n<h5>E-Posta<\/h5>\n<p><a href=\"mailto:info@ravhdesign.com\">info@ravhdesign.com<\/a><\/p>\n<\/div>\n<\/div>\n<\/div>\n\n\t\t<\/div>\n\t<\/div>\n<\/div><\/div><\/div><div class=\"wpb_column vc_column_container vc_col-sm-4\"><div class=\"vc_column-inner\"><div class=\"wpb_wrapper\">\n\t<div class=\"wpb_text_column wpb_content_element\" >\n\t\t<div class=\"wpb_wrapper\">\n\t\t\t<div class=\"firm-info-container\">\n<h4>Masko Ma\u011faza<\/h4>\n<div class=\"container-row\">\n<div class=\"container-text-content\">\n<h5>Adres<\/h5>\n<p><a href=\"https:\/\/goo.gl\/maps\/YmNwkt8YntxFgaDX7\">Masko 12\/A Blok No:33 \u0130kitelli Ba\u015fak\u015fehir\/ \u0130stanbul<\/a><\/p>\n<\/div>\n<div class=\"container-text-content\">\n<h5>Telefon<\/h5>\n<p><a href=\"tel:+902126752330\">+90 212 675 23 30<\/a><\/p>\n<\/div>\n<div class=\"container-text-content\">\n<h5>E-Posta<\/h5>\n<p><a href=\"mailto:info@ravhdesign.com\">info@ravhdesign.com<\/a><\/p>\n<\/div>\n<\/div>\n<\/div>\n\n\t\t<\/div>\n\t<\/div>\n<\/div><\/div><\/div><div class=\"wpb_column vc_column_container vc_col-sm-4\"><div class=\"vc_column-inner\"><div class=\"wpb_wrapper\">\n\t<div class=\"wpb_text_column wpb_content_element\" >\n\t\t<div class=\"wpb_wrapper\">\n\t\t\t<div class=\"firm-info-container\">\n<h4>Factory Address<\/h4>\n<div class=\"container-row\">\n<div class=\"container-text-content\">\n<h5>Adres<\/h5>\n<p><a href=\"https:\/\/goo.gl\/maps\/kWaVxy1gLxG7LYqQ9\">Esenkent Mh. \u0130bri\u015fim Sokak No:43\/A, 34776 \u00dcmraniye\/\u0130stanbul<\/a><\/p>\n<\/div>\n<div class=\"container-text-content\">\n<h5>Telefon<\/h5>\n<p><a href=\"tel:+902162250870\">+09 216 225 08 70<\/a><\/p>\n<\/div>\n<div class=\"container-text-content\">\n<h5>E-Posta<\/h5>\n<p><a href=\"mailto:info@ravhdesign.com\">info@ravhdesign.com<\/a><\/p>\n<\/div>\n<\/div>\n<\/div>\n\n\t\t<\/div>\n\t<\/div>\n<\/div><\/div><\/div><\/div><div id=\"map-row\" class=\"vc_row wpb_row vc_row-fluid vc_row-o-content-middle vc_row-flex\"><div class=\"wpb_column vc_column_container vc_col-sm-12\"><div class=\"vc_column-inner\"><div class=\"wpb_wrapper\">\n\t<div class=\"wpb_text_column wpb_content_element\" >\n\t\t<div class=\"wpb_wrapper\">\n\t\t\t<div class=\"map-container\" style=\"border-radius: 8px; width: 100%; height: 440px; display: inline-block; overflow: hidden;\"><iframe style=\"position: relative; top: -60px; border: none;\" src=\"https:\/\/www.google.com\/maps\/d\/u\/1\/embed?mid=1FUYcYfrWPC4q1ve-YKxuAZE0J8XsbGg&amp;ehbc=2E312F\" width=\"100%\" height=\"500\"><\/iframe><\/div>\n\n\t\t<\/div>\n\t<\/div>\n<\/div><\/div><\/div><\/div>\n<\/div>","protected":false},"excerpt":{"rendered":"Modoko Store Address Yukar\u0131 Dudullu, 4. Sk. No:118, 34775 Dudullu Osb\/\u00dcmraniye\/\u0130stanbul Phone +09 216 225 08 70 E-Mail info@ravhdesign.com Masko","protected":false},"author":1,"featured_media":0,"parent":0,"menu_order":0,"comment_status":"closed","ping_status":"closed","template":"","meta":{"footnotes":""},"yoast_head":"<!-- This site is optimized with the Yoast SEO plugin v23.0 - https:\/\/yoast.com\/wordpress\/plugins\/seo\/ -->\n<title>Contact - RavhDesign<\/title>\n<meta name=\"robots\" content=\"index, follow, max-snippet:-1, max-image-preview:large, max-video-preview:-1\" \/>\n<link rel=\"canonical\" href=\"https:\/\/ravhdesign.com\/tr\/iletisim\/\" \/>\n<meta property=\"og:locale\" content=\"tr_TR\" \/>\n<meta property=\"og:type\" content=\"article\" \/>\n<meta property=\"og:title\" content=\"Contact - RavhDesign\" \/>\n<meta property=\"og:url\" content=\"https:\/\/ravhdesign.com\/tr\/iletisim\/\" \/>\n<meta property=\"og:site_name\" content=\"RavhDesign\" \/>\n<meta name=\"twitter:card\" content=\"summary_large_image\" \/>\n<meta name=\"twitter:label1\" content=\"Tahmini okuma s\u00fcresi\" \/>\n\t<meta name=\"twitter:data1\" content=\"1 dakika\" \/>\n<script type=\"application\/ld+json\" class=\"yoast-schema-graph\">{\"@context\":\"https:\/\/schema.org\",\"@graph\":[{\"@type\":\"WebPage\",\"@id\":\"https:\/\/ravhdesign.com\/tr\/iletisim\/\",\"url\":\"https:\/\/ravhdesign.com\/tr\/iletisim\/\",\"name\":\"Contact - RavhDesign\",\"isPartOf\":{\"@id\":\"https:\/\/ravhdesign.com\/tr\/#website\"},\"datePublished\":\"2024-05-21T08:43:13+00:00\",\"dateModified\":\"2024-05-21T08:43:13+00:00\",\"breadcrumb\":{\"@id\":\"https:\/\/ravhdesign.com\/tr\/iletisim\/#breadcrumb\"},\"inLanguage\":\"tr\",\"potentialAction\":[{\"@type\":\"ReadAction\",\"target\":[\"https:\/\/ravhdesign.com\/tr\/iletisim\/\"]}]},{\"@type\":\"BreadcrumbList\",\"@id\":\"https:\/\/ravhdesign.com\/tr\/iletisim\/#breadcrumb\",\"itemListElement\":[{\"@type\":\"ListItem\",\"position\":1,\"name\":\"Home\",\"item\":\"https:\/\/ravhdesign.com\/tr\/\"},{\"@type\":\"ListItem\",\"position\":2,\"name\":\"Contact\"}]},{\"@type\":\"WebSite\",\"@id\":\"https:\/\/ravhdesign.com\/tr\/#website\",\"url\":\"https:\/\/ravhdesign.com\/tr\/\",\"name\":\"RavhDesign\",\"description\":\"\",\"potentialAction\":[{\"@type\":\"SearchAction\",\"target\":{\"@type\":\"EntryPoint\",\"urlTemplate\":\"https:\/\/ravhdesign.com\/tr\/?s={search_term_string}\"},\"query-input\":\"required name=search_term_string\"}],\"inLanguage\":\"tr\"}]}<\/script>\n<!-- \/ Yoast SEO plugin. -->","yoast_head_json":{"title":"Contact - RavhDesign","robots":{"index":"index","follow":"follow","max-snippet":"max-snippet:-1","max-image-preview":"max-image-preview:large","max-video-preview":"max-video-preview:-1"},"canonical":"https:\/\/ravhdesign.com\/tr\/iletisim\/","og_locale":"tr_TR","og_type":"article","og_title":"Contact - RavhDesign","og_url":"https:\/\/ravhdesign.com\/tr\/iletisim\/","og_site_name":"RavhDesign","twitter_card":"summary_large_image","twitter_misc":{"Tahmini okuma s\u00fcresi":"1 dakika"},"schema":{"@context":"https:\/\/schema.org","@graph":[{"@type":"WebPage","@id":"https:\/\/ravhdesign.com\/tr\/iletisim\/","url":"https:\/\/ravhdesign.com\/tr\/iletisim\/","name":"Contact - RavhDesign","isPartOf":{"@id":"https:\/\/ravhdesign.com\/tr\/#website"},"datePublished":"2024-05-21T08:43:13+00:00","dateModified":"2024-05-21T08:43:13+00:00","breadcrumb":{"@id":"https:\/\/ravhdesign.com\/tr\/iletisim\/#breadcrumb"},"inLanguage":"tr","potentialAction":[{"@type":"ReadAction","target":["https:\/\/ravhdesign.com\/tr\/iletisim\/"]}]},{"@type":"BreadcrumbList","@id":"https:\/\/ravhdesign.com\/tr\/iletisim\/#breadcrumb","itemListElement":[{"@type":"ListItem","position":1,"name":"Home","item":"https:\/\/ravhdesign.com\/tr\/"},{"@type":"ListItem","position":2,"name":"Contact"}]},{"@type":"WebSite","@id":"https:\/\/ravhdesign.com\/tr\/#website","url":"https:\/\/ravhdesign.com\/tr\/","name":"RavhDesign","description":"","potentialAction":[{"@type":"SearchAction","target":{"@type":"EntryPoint","urlTemplate":"https:\/\/ravhdesign.com\/tr\/?s={search_term_string}"},"query-input":"required name=search_term_string"}],"inLanguage":"tr"}]}},"_links":{"self":[{"href":"https:\/\/ravhdesign.com\/tr\/wp-json\/wp\/v2\/pages\/379"}],"collection":[{"href":"https:\/\/ravhdesign.com\/tr\/wp-json\/wp\/v2\/pages"}],"about":[{"href":"https:\/\/ravhdesign.com\/tr\/wp-json\/wp\/v2\/types\/page"}],"author":[{"embeddable":true,"href":"https:\/\/ravhdesign.com\/tr\/wp-json\/wp\/v2\/users\/1"}],"replies":[{"embeddable":true,"href":"https:\/\/ravhdesign.com\/tr\/wp-json\/wp\/v2\/comments?post=379"}],"version-history":[{"count":0,"href":"https:\/\/ravhdesign.com\/tr\/wp-json\/wp\/v2\/pages\/379\/revisions"}],"wp:attachment":[{"href":"https:\/\/ravhdesign.com\/tr\/wp-json\/wp\/v2\/media?parent=379"}],"curies":[{"name":"wp","href":"https:\/\/api.w.org\/{rel}","templated":true}]}}