{"id":198,"date":"2024-05-18T15:19:16","date_gmt":"2024-05-18T15:19:16","guid":{"rendered":"https:\/\/ravhdesign.kodektif.com\/?post_type=product&#038;p=198"},"modified":"2024-05-24T10:53:08","modified_gmt":"2024-05-24T10:53:08","slug":"ravh-vol1-sofa","status":"publish","type":"product","link":"https:\/\/ravhdesign.com\/tr\/urun\/ravh-vol1-sofa\/","title":{"rendered":"Ravh V1"},"content":{"rendered":"","protected":false},"excerpt":{"rendered":"<p>Ravh V1 Kanepe, l\u00fcks ve konforu yeniden tan\u0131mlayarak zenginlik ve rahatl\u0131\u011f\u0131n kusursuz bir birle\u015fimini sunuyor. Detaylara titizlikle \u00f6zen g\u00f6sterilerek ve yaln\u0131zca en iyi malzemeler kullan\u0131larak \u00fcretilen bu kanepe, incelik ve tarz\u0131n somut \u00f6rne\u011fidir. Zamana meydan okuyan tasar\u0131m\u0131 ve m\u00fckemmel i\u015f\u00e7ili\u011fiyle Ravh V1 Kanepe, klasikten \u00e7a\u011fda\u015fa kadar \u00e7e\u015fitli i\u00e7 mekan esteti\u011fini zahmetsizce tamaml\u0131yor. Zarif silueti, birinci s\u0131n\u0131f d\u00f6\u015feme se\u00e7enekleriyle zenginle\u015ftirilerek kanepeyi ki\u015fisel zevkinize uyacak \u015fekilde \u00f6zelle\u015ftirmenize ve alan\u0131n\u0131z\u0131n ambiyans\u0131n\u0131 y\u00fckseltmenize olanak tan\u0131r.<\/p>","protected":false},"featured_media":201,"template":"","meta":[],"product_cat":[16],"product_tag":[],"yoast_head":"<!-- This site is optimized with the Yoast SEO plugin v23.0 - https:\/\/yoast.com\/wordpress\/plugins\/seo\/ -->\n<title>Ravh V1 - RavhDesign<\/title>\n<meta name=\"robots\" content=\"index, follow, max-snippet:-1, max-image-preview:large, max-video-preview:-1\" \/>\n<link rel=\"canonical\" href=\"https:\/\/ravhdesign.com\/tr\/urun\/ravh-vol1-sofa\/\" \/>\n<meta property=\"og:locale\" content=\"tr_TR\" \/>\n<meta property=\"og:type\" content=\"article\" \/>\n<meta property=\"og:title\" content=\"Ravh V1 - RavhDesign\" \/>\n<meta property=\"og:description\" content=\"The Ravh V1 Sofa redefines luxury and comfort, offering a seamless fusion of opulence and relaxation. Crafted with meticulous attention to detail and using only the finest materials, this sofa epitomizes sophistication and style. With its timeless design and exquisite craftsmanship, the Ravh V1 Sofa effortlessly complements a variety of interior aesthetics, from classic to contemporary. Its elegant silhouette is enhanced by a selection of premium upholstery options, allowing you to customize the sofa to suit your individual taste and elevate the ambiance of your space.\" \/>\n<meta property=\"og:url\" content=\"https:\/\/ravhdesign.com\/tr\/urun\/ravh-vol1-sofa\/\" \/>\n<meta property=\"og:site_name\" content=\"RavhDesign\" \/>\n<meta property=\"article:modified_time\" content=\"2024-05-24T10:53:08+00:00\" \/>\n<meta property=\"og:image\" content=\"https:\/\/ravhdesign.com\/wp-content\/uploads\/2024\/05\/ravh-sofa-set-3.jpg\" \/>\n\t<meta property=\"og:image:width\" content=\"1920\" \/>\n\t<meta property=\"og:image:height\" content=\"1280\" \/>\n\t<meta property=\"og:image:type\" content=\"image\/jpeg\" \/>\n<meta name=\"twitter:card\" content=\"summary_large_image\" \/>\n<script type=\"application\/ld+json\" class=\"yoast-schema-graph\">{\"@context\":\"https:\/\/schema.org\",\"@graph\":[{\"@type\":\"WebPage\",\"@id\":\"https:\/\/ravhdesign.com\/product\/ravh-vol1-sofa\/\",\"url\":\"https:\/\/ravhdesign.com\/product\/ravh-vol1-sofa\/\",\"name\":\"Ravh V1 - RavhDesign\",\"isPartOf\":{\"@id\":\"https:\/\/ravhdesign.com\/tr\/#website\"},\"primaryImageOfPage\":{\"@id\":\"https:\/\/ravhdesign.com\/product\/ravh-vol1-sofa\/#primaryimage\"},\"image\":{\"@id\":\"https:\/\/ravhdesign.com\/product\/ravh-vol1-sofa\/#primaryimage\"},\"thumbnailUrl\":\"https:\/\/ravhdesign.com\/wp-content\/uploads\/2024\/05\/ravh-sofa-set-3.jpg\",\"datePublished\":\"2024-05-18T15:19:16+00:00\",\"dateModified\":\"2024-05-24T10:53:08+00:00\",\"breadcrumb\":{\"@id\":\"https:\/\/ravhdesign.com\/product\/ravh-vol1-sofa\/#breadcrumb\"},\"inLanguage\":\"tr\",\"potentialAction\":[{\"@type\":\"ReadAction\",\"target\":[\"https:\/\/ravhdesign.com\/product\/ravh-vol1-sofa\/\"]}]},{\"@type\":\"ImageObject\",\"inLanguage\":\"tr\",\"@id\":\"https:\/\/ravhdesign.com\/product\/ravh-vol1-sofa\/#primaryimage\",\"url\":\"https:\/\/ravhdesign.com\/wp-content\/uploads\/2024\/05\/ravh-sofa-set-3.jpg\",\"contentUrl\":\"https:\/\/ravhdesign.com\/wp-content\/uploads\/2024\/05\/ravh-sofa-set-3.jpg\",\"width\":1920,\"height\":1280},{\"@type\":\"BreadcrumbList\",\"@id\":\"https:\/\/ravhdesign.com\/product\/ravh-vol1-sofa\/#breadcrumb\",\"itemListElement\":[{\"@type\":\"ListItem\",\"position\":1,\"name\":\"Home\",\"item\":\"https:\/\/ravhdesign.com\/tr\/\"},{\"@type\":\"ListItem\",\"position\":2,\"name\":\"Products\",\"item\":\"https:\/\/ravhdesign.com\/shop\/\"},{\"@type\":\"ListItem\",\"position\":3,\"name\":\"Ravh V1\"}]},{\"@type\":\"WebSite\",\"@id\":\"https:\/\/ravhdesign.com\/tr\/#website\",\"url\":\"https:\/\/ravhdesign.com\/tr\/\",\"name\":\"RavhDesign\",\"description\":\"\",\"potentialAction\":[{\"@type\":\"SearchAction\",\"target\":{\"@type\":\"EntryPoint\",\"urlTemplate\":\"https:\/\/ravhdesign.com\/tr\/?s={search_term_string}\"},\"query-input\":\"required name=search_term_string\"}],\"inLanguage\":\"tr\"}]}<\/script>\n<!-- \/ Yoast SEO plugin. -->","yoast_head_json":{"title":"Ravh V1 - RavhDesign","robots":{"index":"index","follow":"follow","max-snippet":"max-snippet:-1","max-image-preview":"max-image-preview:large","max-video-preview":"max-video-preview:-1"},"canonical":"https:\/\/ravhdesign.com\/tr\/urun\/ravh-vol1-sofa\/","og_locale":"tr_TR","og_type":"article","og_title":"Ravh V1 - RavhDesign","og_description":"The Ravh V1 Sofa redefines luxury and comfort, offering a seamless fusion of opulence and relaxation. Crafted with meticulous attention to detail and using only the finest materials, this sofa epitomizes sophistication and style. With its timeless design and exquisite craftsmanship, the Ravh V1 Sofa effortlessly complements a variety of interior aesthetics, from classic to contemporary. Its elegant silhouette is enhanced by a selection of premium upholstery options, allowing you to customize the sofa to suit your individual taste and elevate the ambiance of your space.","og_url":"https:\/\/ravhdesign.com\/tr\/urun\/ravh-vol1-sofa\/","og_site_name":"RavhDesign","article_modified_time":"2024-05-24T10:53:08+00:00","og_image":[{"width":1920,"height":1280,"url":"https:\/\/ravhdesign.com\/wp-content\/uploads\/2024\/05\/ravh-sofa-set-3.jpg","type":"image\/jpeg"}],"twitter_card":"summary_large_image","schema":{"@context":"https:\/\/schema.org","@graph":[{"@type":"WebPage","@id":"https:\/\/ravhdesign.com\/product\/ravh-vol1-sofa\/","url":"https:\/\/ravhdesign.com\/product\/ravh-vol1-sofa\/","name":"Ravh V1 - RavhDesign","isPartOf":{"@id":"https:\/\/ravhdesign.com\/tr\/#website"},"primaryImageOfPage":{"@id":"https:\/\/ravhdesign.com\/product\/ravh-vol1-sofa\/#primaryimage"},"image":{"@id":"https:\/\/ravhdesign.com\/product\/ravh-vol1-sofa\/#primaryimage"},"thumbnailUrl":"https:\/\/ravhdesign.com\/wp-content\/uploads\/2024\/05\/ravh-sofa-set-3.jpg","datePublished":"2024-05-18T15:19:16+00:00","dateModified":"2024-05-24T10:53:08+00:00","breadcrumb":{"@id":"https:\/\/ravhdesign.com\/product\/ravh-vol1-sofa\/#breadcrumb"},"inLanguage":"tr","potentialAction":[{"@type":"ReadAction","target":["https:\/\/ravhdesign.com\/product\/ravh-vol1-sofa\/"]}]},{"@type":"ImageObject","inLanguage":"tr","@id":"https:\/\/ravhdesign.com\/product\/ravh-vol1-sofa\/#primaryimage","url":"https:\/\/ravhdesign.com\/wp-content\/uploads\/2024\/05\/ravh-sofa-set-3.jpg","contentUrl":"https:\/\/ravhdesign.com\/wp-content\/uploads\/2024\/05\/ravh-sofa-set-3.jpg","width":1920,"height":1280},{"@type":"BreadcrumbList","@id":"https:\/\/ravhdesign.com\/product\/ravh-vol1-sofa\/#breadcrumb","itemListElement":[{"@type":"ListItem","position":1,"name":"Home","item":"https:\/\/ravhdesign.com\/tr\/"},{"@type":"ListItem","position":2,"name":"Products","item":"https:\/\/ravhdesign.com\/shop\/"},{"@type":"ListItem","position":3,"name":"Ravh V1"}]},{"@type":"WebSite","@id":"https:\/\/ravhdesign.com\/tr\/#website","url":"https:\/\/ravhdesign.com\/tr\/","name":"RavhDesign","description":"","potentialAction":[{"@type":"SearchAction","target":{"@type":"EntryPoint","urlTemplate":"https:\/\/ravhdesign.com\/tr\/?s={search_term_string}"},"query-input":"required name=search_term_string"}],"inLanguage":"tr"}]}},"_links":{"self":[{"href":"https:\/\/ravhdesign.com\/tr\/wp-json\/wp\/v2\/product\/198"}],"collection":[{"href":"https:\/\/ravhdesign.com\/tr\/wp-json\/wp\/v2\/product"}],"about":[{"href":"https:\/\/ravhdesign.com\/tr\/wp-json\/wp\/v2\/types\/product"}],"wp:featuredmedia":[{"embeddable":true,"href":"https:\/\/ravhdesign.com\/tr\/wp-json\/wp\/v2\/media\/201"}],"wp:attachment":[{"href":"https:\/\/ravhdesign.com\/tr\/wp-json\/wp\/v2\/media?parent=198"}],"wp:term":[{"taxonomy":"product_cat","embeddable":true,"href":"https:\/\/ravhdesign.com\/tr\/wp-json\/wp\/v2\/product_cat?post=198"},{"taxonomy":"product_tag","embeddable":true,"href":"https:\/\/ravhdesign.com\/tr\/wp-json\/wp\/v2\/product_tag?post=198"}],"curies":[{"name":"wp","href":"https:\/\/api.w.org\/{rel}","templated":true}]}}