{"id":285,"date":"2024-05-18T20:10:27","date_gmt":"2024-05-18T20:10:27","guid":{"rendered":"https:\/\/ravhdesign.kodektif.com\/?post_type=product&#038;p=285"},"modified":"2024-05-24T11:06:24","modified_gmt":"2024-05-24T11:06:24","slug":"ravh-v2-chair","status":"publish","type":"product","link":"https:\/\/ravhdesign.com\/tr\/urun\/ravh-v2-chair\/","title":{"rendered":"Ravh V2"},"content":{"rendered":"","protected":false},"excerpt":{"rendered":"<p>Ravh V2 Sandalye, \u00e7a\u011fda\u015f zarafeti ola\u011fan\u00fcst\u00fc konforla harmanlayarak l\u00fcks oturma alan\u0131nda yeni bir standart belirliyor. Detaylara dikkat edilerek ve birinci s\u0131n\u0131f malzemeler kullan\u0131larak titizlikle \u00fcretilen bu sandalye, incelik ve stil yay\u0131yor. \u015e\u0131k sil\u00fceti ve modern tasar\u0131m\u0131yla Ravh V2 Sandalye, minimalist \u015f\u0131kl\u0131ktan kentsel geli\u015fmi\u015fli\u011fe kadar \u00e7e\u015fitli i\u00e7 mekan esteti\u011fini zahmetsizce tamaml\u0131yor. \u00c7ok y\u00f6nl\u00fc tasar\u0131m\u0131, \u00e7e\u015fitli birinci s\u0131n\u0131f d\u00f6\u015feme se\u00e7enekleriyle vurgulanarak sandalyeyi ki\u015fisel stil tercihlerinize uyacak \u015fekilde \u00f6zelle\u015ftirmenize ve alan\u0131n\u0131z\u0131n ambiyans\u0131n\u0131 geli\u015ftirmenize olanak tan\u0131r.<\/p>","protected":false},"featured_media":278,"template":"","meta":[],"product_cat":[17],"product_tag":[],"yoast_head":"<!-- This site is optimized with the Yoast SEO plugin v23.0 - https:\/\/yoast.com\/wordpress\/plugins\/seo\/ -->\n<title>Ravh V2 - RavhDesign<\/title>\n<meta name=\"robots\" content=\"index, follow, max-snippet:-1, max-image-preview:large, max-video-preview:-1\" \/>\n<link rel=\"canonical\" href=\"https:\/\/ravhdesign.com\/tr\/urun\/ravh-v2-chair\/\" \/>\n<meta property=\"og:locale\" content=\"tr_TR\" \/>\n<meta property=\"og:type\" content=\"article\" \/>\n<meta property=\"og:title\" content=\"Ravh V2 - RavhDesign\" \/>\n<meta property=\"og:description\" content=\"The Ravh V2 Chair sets a new standard for luxury seating, blending contemporary elegance with exceptional comfort. Meticulously crafted with attention to detail and using premium materials, this chair exudes sophistication and style. With its sleek silhouette and modern design, the Ravh V2 Chair effortlessly complements a variety of interior aesthetics, from minimalist chic to urban sophistication. Its versatile design is accentuated by a range of premium upholstery options, allowing you to customize the chair to suit your individual style preferences and enhance the ambiance of your space.\" \/>\n<meta property=\"og:url\" content=\"https:\/\/ravhdesign.com\/tr\/urun\/ravh-v2-chair\/\" \/>\n<meta property=\"og:site_name\" content=\"RavhDesign\" \/>\n<meta property=\"article:modified_time\" content=\"2024-05-24T11:06:24+00:00\" \/>\n<meta property=\"og:image\" content=\"https:\/\/ravhdesign.com\/wp-content\/uploads\/2024\/05\/ravh-dining-room-5.jpg\" \/>\n\t<meta property=\"og:image:width\" content=\"1920\" \/>\n\t<meta property=\"og:image:height\" content=\"1280\" \/>\n\t<meta property=\"og:image:type\" content=\"image\/jpeg\" \/>\n<meta name=\"twitter:card\" content=\"summary_large_image\" \/>\n<script type=\"application\/ld+json\" class=\"yoast-schema-graph\">{\"@context\":\"https:\/\/schema.org\",\"@graph\":[{\"@type\":\"WebPage\",\"@id\":\"https:\/\/ravhdesign.com\/product\/ravh-v2-chair\/\",\"url\":\"https:\/\/ravhdesign.com\/product\/ravh-v2-chair\/\",\"name\":\"Ravh V2 - RavhDesign\",\"isPartOf\":{\"@id\":\"https:\/\/ravhdesign.com\/tr\/#website\"},\"primaryImageOfPage\":{\"@id\":\"https:\/\/ravhdesign.com\/product\/ravh-v2-chair\/#primaryimage\"},\"image\":{\"@id\":\"https:\/\/ravhdesign.com\/product\/ravh-v2-chair\/#primaryimage\"},\"thumbnailUrl\":\"https:\/\/ravhdesign.com\/wp-content\/uploads\/2024\/05\/ravh-dining-room-5.jpg\",\"datePublished\":\"2024-05-18T20:10:27+00:00\",\"dateModified\":\"2024-05-24T11:06:24+00:00\",\"breadcrumb\":{\"@id\":\"https:\/\/ravhdesign.com\/product\/ravh-v2-chair\/#breadcrumb\"},\"inLanguage\":\"tr\",\"potentialAction\":[{\"@type\":\"ReadAction\",\"target\":[\"https:\/\/ravhdesign.com\/product\/ravh-v2-chair\/\"]}]},{\"@type\":\"ImageObject\",\"inLanguage\":\"tr\",\"@id\":\"https:\/\/ravhdesign.com\/product\/ravh-v2-chair\/#primaryimage\",\"url\":\"https:\/\/ravhdesign.com\/wp-content\/uploads\/2024\/05\/ravh-dining-room-5.jpg\",\"contentUrl\":\"https:\/\/ravhdesign.com\/wp-content\/uploads\/2024\/05\/ravh-dining-room-5.jpg\",\"width\":1920,\"height\":1280},{\"@type\":\"BreadcrumbList\",\"@id\":\"https:\/\/ravhdesign.com\/product\/ravh-v2-chair\/#breadcrumb\",\"itemListElement\":[{\"@type\":\"ListItem\",\"position\":1,\"name\":\"Home\",\"item\":\"https:\/\/ravhdesign.com\/tr\/\"},{\"@type\":\"ListItem\",\"position\":2,\"name\":\"Products\",\"item\":\"https:\/\/ravhdesign.com\/shop\/\"},{\"@type\":\"ListItem\",\"position\":3,\"name\":\"Ravh V2\"}]},{\"@type\":\"WebSite\",\"@id\":\"https:\/\/ravhdesign.com\/tr\/#website\",\"url\":\"https:\/\/ravhdesign.com\/tr\/\",\"name\":\"RavhDesign\",\"description\":\"\",\"potentialAction\":[{\"@type\":\"SearchAction\",\"target\":{\"@type\":\"EntryPoint\",\"urlTemplate\":\"https:\/\/ravhdesign.com\/tr\/?s={search_term_string}\"},\"query-input\":\"required name=search_term_string\"}],\"inLanguage\":\"tr\"}]}<\/script>\n<!-- \/ Yoast SEO plugin. -->","yoast_head_json":{"title":"Ravh V2 - RavhDesign","robots":{"index":"index","follow":"follow","max-snippet":"max-snippet:-1","max-image-preview":"max-image-preview:large","max-video-preview":"max-video-preview:-1"},"canonical":"https:\/\/ravhdesign.com\/tr\/urun\/ravh-v2-chair\/","og_locale":"tr_TR","og_type":"article","og_title":"Ravh V2 - RavhDesign","og_description":"The Ravh V2 Chair sets a new standard for luxury seating, blending contemporary elegance with exceptional comfort. Meticulously crafted with attention to detail and using premium materials, this chair exudes sophistication and style. With its sleek silhouette and modern design, the Ravh V2 Chair effortlessly complements a variety of interior aesthetics, from minimalist chic to urban sophistication. Its versatile design is accentuated by a range of premium upholstery options, allowing you to customize the chair to suit your individual style preferences and enhance the ambiance of your space.","og_url":"https:\/\/ravhdesign.com\/tr\/urun\/ravh-v2-chair\/","og_site_name":"RavhDesign","article_modified_time":"2024-05-24T11:06:24+00:00","og_image":[{"width":1920,"height":1280,"url":"https:\/\/ravhdesign.com\/wp-content\/uploads\/2024\/05\/ravh-dining-room-5.jpg","type":"image\/jpeg"}],"twitter_card":"summary_large_image","schema":{"@context":"https:\/\/schema.org","@graph":[{"@type":"WebPage","@id":"https:\/\/ravhdesign.com\/product\/ravh-v2-chair\/","url":"https:\/\/ravhdesign.com\/product\/ravh-v2-chair\/","name":"Ravh V2 - RavhDesign","isPartOf":{"@id":"https:\/\/ravhdesign.com\/tr\/#website"},"primaryImageOfPage":{"@id":"https:\/\/ravhdesign.com\/product\/ravh-v2-chair\/#primaryimage"},"image":{"@id":"https:\/\/ravhdesign.com\/product\/ravh-v2-chair\/#primaryimage"},"thumbnailUrl":"https:\/\/ravhdesign.com\/wp-content\/uploads\/2024\/05\/ravh-dining-room-5.jpg","datePublished":"2024-05-18T20:10:27+00:00","dateModified":"2024-05-24T11:06:24+00:00","breadcrumb":{"@id":"https:\/\/ravhdesign.com\/product\/ravh-v2-chair\/#breadcrumb"},"inLanguage":"tr","potentialAction":[{"@type":"ReadAction","target":["https:\/\/ravhdesign.com\/product\/ravh-v2-chair\/"]}]},{"@type":"ImageObject","inLanguage":"tr","@id":"https:\/\/ravhdesign.com\/product\/ravh-v2-chair\/#primaryimage","url":"https:\/\/ravhdesign.com\/wp-content\/uploads\/2024\/05\/ravh-dining-room-5.jpg","contentUrl":"https:\/\/ravhdesign.com\/wp-content\/uploads\/2024\/05\/ravh-dining-room-5.jpg","width":1920,"height":1280},{"@type":"BreadcrumbList","@id":"https:\/\/ravhdesign.com\/product\/ravh-v2-chair\/#breadcrumb","itemListElement":[{"@type":"ListItem","position":1,"name":"Home","item":"https:\/\/ravhdesign.com\/tr\/"},{"@type":"ListItem","position":2,"name":"Products","item":"https:\/\/ravhdesign.com\/shop\/"},{"@type":"ListItem","position":3,"name":"Ravh V2"}]},{"@type":"WebSite","@id":"https:\/\/ravhdesign.com\/tr\/#website","url":"https:\/\/ravhdesign.com\/tr\/","name":"RavhDesign","description":"","potentialAction":[{"@type":"SearchAction","target":{"@type":"EntryPoint","urlTemplate":"https:\/\/ravhdesign.com\/tr\/?s={search_term_string}"},"query-input":"required name=search_term_string"}],"inLanguage":"tr"}]}},"_links":{"self":[{"href":"https:\/\/ravhdesign.com\/tr\/wp-json\/wp\/v2\/product\/285"}],"collection":[{"href":"https:\/\/ravhdesign.com\/tr\/wp-json\/wp\/v2\/product"}],"about":[{"href":"https:\/\/ravhdesign.com\/tr\/wp-json\/wp\/v2\/types\/product"}],"wp:featuredmedia":[{"embeddable":true,"href":"https:\/\/ravhdesign.com\/tr\/wp-json\/wp\/v2\/media\/278"}],"wp:attachment":[{"href":"https:\/\/ravhdesign.com\/tr\/wp-json\/wp\/v2\/media?parent=285"}],"wp:term":[{"taxonomy":"product_cat","embeddable":true,"href":"https:\/\/ravhdesign.com\/tr\/wp-json\/wp\/v2\/product_cat?post=285"},{"taxonomy":"product_tag","embeddable":true,"href":"https:\/\/ravhdesign.com\/tr\/wp-json\/wp\/v2\/product_tag?post=285"}],"curies":[{"name":"wp","href":"https:\/\/api.w.org\/{rel}","templated":true}]}}